{"id":236,"date":"2024-08-24T16:33:45","date_gmt":"2024-08-24T14:33:45","guid":{"rendered":"https:\/\/princes-et-princesses.fr\/?page_id=236"},"modified":"2026-04-05T00:31:41","modified_gmt":"2026-04-04T22:31:41","slug":"les-princes-et-princesses","status":"publish","type":"page","link":"https:\/\/princes-et-princesses.fr\/index.php\/les-princes-et-princesses\/","title":{"rendered":"MOT DE LA FONDATRICE"},"content":{"rendered":"\n<div>\n<p class=\"has-text-align-center has-black-color has-text-color has-link-color wp-elements-d47123b4fb1bd49da2d24b08a10c74b6\" style=\"font-size:18px\"><img decoding=\"async\" style=\"width: 300px;\" src=\"https:\/\/princesprincessesfr.wordpress.com\/wp-content\/uploads\/2024\/03\/a52cc-img_0337.jpg\" alt=\"les princes et princesses\n\"><\/p>\n<\/div>\n\n\n\n<div style=\"height:20px\" aria-hidden=\"true\" class=\"wp-block-spacer\"><\/div>\n\n\n\n<p class=\"has-black-color has-text-color has-link-color wp-elements-73f4eda02d1a3682f21db3593b7bca81\">Je m\u2019appelle Kathlyne Lecoeur et je suis la fondatrice de l\u2019entreprise \u00ab Les Princes et Princesses \u00bb qui est bas\u00e9e en Seine &#8211; et &#8211; Marne (77)<\/p>\n\n\n\n<div class=\"wp-block-rank-math-toc-block has-black-color has-text-color has-link-color wp-elements-2a9337995e2627b50d3725b0391570ff\" id=\"rank-math-toc\"><h2>Sommaire<\/h2><nav><ul><li class=\"\"><a href=\"#m\">Mon histoire<\/a><\/li><li class=\"\"><a href=\"#un-engagement-au-service-des-autres\">Un engagement au service des autres<\/a><\/li><li class=\"\"><a href=\"#les-princes-et-princesses-une-pedagogie-innovante-et-inclusive\">Les Princes et Princesses : Une p\u00e9dagogie innovante<\/a><\/li><li class=\"\"><a href=\"#les\">Les Princes et Princesses : Une p\u00e9dagogie inclusive<\/a><\/li><li class=\"\"><a href=\"#les-princes-et-princesses-une-aventure-humaine-et-professionnelle\">Les Princes et Princesses : Une aventure humaine et professionnelle<\/a><\/li><\/ul><\/nav><\/div>\n\n\n\n<h2 class=\"wp-block-heading has-black-color has-text-color has-link-color wp-elements-7375f123c1436bf7cc7c2556ed84e20b\" id=\"m\" style=\"font-size:18px\">Mon histoire <\/h2>\n\n\n\n<p class=\"has-black-color has-text-color has-link-color wp-elements-c6d4323b6c7cce73ec6cd0c2fbdbc472\" style=\"font-size:18px\">D\u00e8s mon enfance, j\u2019ai \u00e9t\u00e9 diagnostiqu\u00e9e avec des troubles de l\u2019apprentissage. \u00c0 cette \u00e9poque, le manque de formation des enseignants et de l\u2019\u00e9quipe \u00e9ducative a rendu mon parcours scolaire particuli\u00e8rement difficile.<br>Tout au long de ma scolarit\u00e9, j\u2019ai subi moqueries, insultes, voire du harc\u00e8lement de la part de mes camarades, ce qui a d\u00e9clench\u00e9 une phobie scolaire. Pour m\u2019aider \u00e0 surmonter ces \u00e9preuves, l\u2019\u00e9quipe \u00e9ducative a mis en place des approches ludiques et des encouragements positifs, visant \u00e0 renforcer ma confiance en moi et \u00e0 favoriser mes progr\u00e8s.<\/p>\n\n\n\n<p class=\"has-black-color has-text-color has-link-color wp-elements-1a5ab52e3e61fc0794e0fa89170e08d4\" style=\"font-size:18px\">Malgr\u00e9 ces efforts, j\u2019ai quitt\u00e9 l\u2019\u00e9cole en classe de terminale. Quelques ann\u00e9es plus tard, j\u2019ai obtenu mon baccalaur\u00e9at en candidate libre, en m\u2019appuyant sur mes comp\u00e9tences, mon v\u00e9cu et ma cr\u00e9ativit\u00e9 pour d\u00e9passer mes peurs et atteindre mon objectif.<\/p>\n\n\n\n<h2 class=\"wp-block-heading has-black-color has-text-color has-link-color wp-elements-2d4f212b68b97a960aae86a58d614d4a\" id=\"un-engagement-au-service-des-autres\" style=\"font-size:18px\">Un engagement au service des autres<\/h2>\n\n\n\n<p class=\"has-black-color has-text-color has-link-color wp-elements-19eebbc9dec9daeff327d3814437dc46\" style=\"font-size:18px\">Pendant la p\u00e9riode de mon bac, j\u2019ai activement particip\u00e9 aux ateliers et spectacles de l\u2019association Meuphine, aupr\u00e8s d\u2019enfants et d\u2019adultes en situation de handicap. Les parents de l\u2019association ont rapidement remarqu\u00e9 mon int\u00e9r\u00eat pour leurs enfants et les liens privil\u00e9gi\u00e9s que je cr\u00e9ais avec eux. Encourag\u00e9e par cette exp\u00e9rience, je suis devenue encadrante \u00ab\u00a0stagiaire\u00a0\u00bb de 2005 \u00e0 2010, puis encadrante autonome \u00e0 partir de 2010.<br>Au contact de ces jeunes en difficult\u00e9 ou en situation de handicap, j\u2019ai appris les gestes de secours, les comp\u00e9tences de la vie quotidienne et les r\u00e8gles essentielles pour assurer leur s\u00e9curit\u00e9 morale, physique et affective. J\u2019ai compl\u00e9t\u00e9 ces apprentissages en obtenant mon BAFA, ce qui m\u2019a permis de renforcer mes comp\u00e9tences en encadrement et de concevoir des projets d\u2019activit\u00e9s adapt\u00e9s.<\/p>\n\n\n\n<h2 class=\"wp-block-heading has-black-color has-text-color has-link-color wp-elements-e3d5c2dfce56066874c565b5e1c38682\" id=\"les-princes-et-princesses-une-pedagogie-innovante-et-inclusive\" style=\"font-size:18px\">Les Princes et Princesses : Une <a href=\"https:\/\/www.innovation-en-education.fr\/pedagogie-innovante\/\" data-type=\"link\" data-id=\"https:\/\/www.innovation-en-education.fr\/pedagogie-innovante\/\" target=\"_blank\" rel=\"noopener\">p\u00e9dagogie innovante<\/a><\/h2>\n\n\n\n<p class=\"has-black-color has-text-color has-link-color wp-elements-3741ab0571f734a8c88c2485c11ed3ae\" style=\"font-size:18px\">Lors des ateliers de l\u2019association Meuphine, j\u2019ai aid\u00e9 les jeunes \u00e0 communiquer et \u00e0 interagir avec leur environnement. J\u2019ai notamment utilis\u00e9 le jeu, comme le djemb\u00e9, pour faciliter la communication : une frappe pour \u00ab oui \u00bb, deux frappes pour \u00ab non \u00bb. J\u2019ai aussi soutenu les jeunes dans la gestion du stress et la pr\u00e9paration des r\u00e9p\u00e9titions pour les spectacles, en les aidant \u00e0 m\u00e9moriser leurs textes gr\u00e2ce \u00e0 des m\u00e9thodes adapt\u00e9es. Lors des sorties, j\u2019ai veill\u00e9 \u00e0 leur s\u00e9curit\u00e9 physique, morale et \u00e0 leur bien-\u00eatre.<\/p>\n\n\n\n<h2 class=\"wp-block-heading\" id=\"les\" style=\"font-size:18px\">Les Princes et Princesses : Une p\u00e9dagogie inclusive <\/h2>\n\n\n\n<p class=\"has-black-color has-text-color has-link-color wp-elements-6eeaac7c695d428e493b48310a2b7645\" style=\"font-size:18px\">En 2020, j\u2019ai travaill\u00e9 en tant qu\u2019Accompagnatrice d\u2019Enfants en Situation de Handicap (AESH) dans diff\u00e9rentes \u00e9coles primaires et en ULIS, de ma ville. J\u2019y ai d\u00e9velopp\u00e9 la p\u00e9dagogie \u00ab L\u2019\u00e2me de l\u2019enfant \u00bb, en cr\u00e9ant par exemple un \u00ab sac magique \u00bb pour une jeune fille atteinte de TDAH. Ce sac, contenant des balles sensorielles, des coussins et des anneaux auto-massants, qui l\u2019aidait \u00e0 g\u00e9rer ses \u00e9motions et son environnement. J\u2019en ai \u00e9galement con\u00e7u un pour moi-m\u00eame, afin que l\u2019\u00e9l\u00e8ve ne le per\u00e7oive pas comme une punition.<br>Pour les autres \u00e9l\u00e8ves, j\u2019intervenais en prenant des notes, en reformulant les consignes ou en leur faisant la lecture. J\u2019ai ensuite entrepris une VAE (Validation des Acquis de l\u2019Exp\u00e9rience) pour obtenir mon dipl\u00f4me d\u2019Accompagnement \u00c9ducatif et Social (AES), sp\u00e9cialit\u00e9 accompagnement \u00e0 la vie inclusive, que j\u2019ai obtenu en d\u00e9cembre 2023.<\/p>\n\n\n\n<h2 class=\"wp-block-heading has-black-color has-text-color has-link-color wp-elements-e9ed31cf601e704fc722b5a274589f85\" id=\"les-princes-et-princesses-une-aventure-humaine-et-professionnelle\" style=\"font-size:18px\">Les Princes et Princesses : Une aventure humaine et professionnelle<\/h2>\n\n\n\n<p class=\"has-black-color has-text-color has-link-color wp-elements-876d662cc9e342af28da7747aaa92442\" style=\"font-size:18px\">Depuis 2024, \u00ab L\u2019atelier des Princes et Princesses \u00bb accompagne des enfants, des jeunes et adultes en difficult\u00e9 scolaire ou en situation de handicap. Notre approche prend en compte les particularit\u00e9s de chacun, afin de leur permettre de s\u2019\u00e9panouir pleinement, dans un cadre bienveillant et s\u00e9curisant. <\/p>\n\n\n\n<div class=\"wp-block-buttons is-content-justification-center is-layout-flex wp-container-core-buttons-is-layout-16018d1d wp-block-buttons-is-layout-flex\">\n<div class=\"wp-block-button\"><a class=\"wp-block-button__link has-white-color has-light-green-cyan-background-color has-text-color has-background has-link-color wp-element-button\" href=\"https:\/\/princes-et-princesses.fr\/index.php\/nos-accompagnements\/\">Nos accompagnements<\/a><\/div>\n<\/div>\n","protected":false},"excerpt":{"rendered":"<p>Je m\u2019appelle Kathlyne Lecoeur et je suis la fondatrice de l\u2019entreprise \u00ab Les Princes et Princesses \u00bb qui est bas\u00e9e en Seine &#8211; et &#8211; Marne (77) Mon histoire D\u00e8s &hellip; <\/p>\n","protected":false},"author":1,"featured_media":0,"parent":0,"menu_order":0,"comment_status":"closed","ping_status":"closed","template":"","meta":{"footnotes":""},"class_list":["post-236","page","type-page","status-publish","hentry"],"_links":{"self":[{"href":"https:\/\/princes-et-princesses.fr\/index.php\/wp-json\/wp\/v2\/pages\/236","targetHints":{"allow":["GET"]}}],"collection":[{"href":"https:\/\/princes-et-princesses.fr\/index.php\/wp-json\/wp\/v2\/pages"}],"about":[{"href":"https:\/\/princes-et-princesses.fr\/index.php\/wp-json\/wp\/v2\/types\/page"}],"author":[{"embeddable":true,"href":"https:\/\/princes-et-princesses.fr\/index.php\/wp-json\/wp\/v2\/users\/1"}],"replies":[{"embeddable":true,"href":"https:\/\/princes-et-princesses.fr\/index.php\/wp-json\/wp\/v2\/comments?post=236"}],"version-history":[{"count":39,"href":"https:\/\/princes-et-princesses.fr\/index.php\/wp-json\/wp\/v2\/pages\/236\/revisions"}],"predecessor-version":[{"id":2164,"href":"https:\/\/princes-et-princesses.fr\/index.php\/wp-json\/wp\/v2\/pages\/236\/revisions\/2164"}],"wp:attachment":[{"href":"https:\/\/princes-et-princesses.fr\/index.php\/wp-json\/wp\/v2\/media?parent=236"}],"curies":[{"name":"wp","href":"https:\/\/api.w.org\/{rel}","templated":true}]}}