{"id":2395,"date":"2026-04-08T19:33:41","date_gmt":"2026-04-08T17:33:41","guid":{"rendered":"https:\/\/princes-et-princesses.fr\/?page_id=2395"},"modified":"2026-04-08T19:51:47","modified_gmt":"2026-04-08T17:51:47","slug":"nos-ateliers-p","status":"publish","type":"page","link":"https:\/\/princes-et-princesses.fr\/index.php\/nos-ateliers-p\/","title":{"rendered":"\ud83c\udf1fNos ateliers"},"content":{"rendered":"\n<h2 class=\"wp-block-heading has-black-color has-text-color has-link-color wp-elements-01fdce8b8dd4db10cd215725efbdee49\">\ud83c\udf1f<span style=\"text-decoration: underline;\">Les diff\u00e9rents formats<\/span><\/h2>\n\n\n\n<p class=\"has-black-color has-text-color has-link-color wp-elements-e670898776150a1c62aa694fd9a1e731\">Chez Les Princes et Princesses, nous proposons deux formats d\u2019accompagnement afin de r\u00e9pondre au mieux aux besoins de chacun :<\/p>\n\n\n\n<h2 class=\"wp-block-heading has-black-color has-text-color has-link-color wp-elements-5c6e97e5833593ecd936cbe18bf47744\" style=\"font-size:25px\"><span style=\"text-decoration: underline;\">Les <a href=\"https:\/\/www.facebook.com\/profile.php?id=61552902834140&amp;locale=fr_FR\" data-type=\"link\" data-id=\"https:\/\/www.facebook.com\/profile.php?id=61552902834140&amp;locale=fr_FR\" target=\"_blank\" rel=\"noopener\">Ateliers individuels : <\/a><\/span><\/h2>\n\n\n\n<ul class=\"wp-block-list\">\n<li class=\"has-black-color has-text-color has-link-color wp-elements-4b71b0827a5b0089f24d3f0b93e9bbdb\">renforcer sa confiance en soi ;<\/li>\n\n\n\n<li class=\"has-black-color has-text-color has-link-color wp-elements-97a74065ba171943ddae262d47178e1a\">progr\u00e8s dans les apprentissages ;<\/li>\n\n\n\n<li class=\"has-black-color has-text-color has-link-color wp-elements-a20c1ee35e8ff1a27fd1a444fdbb82a4\">travailler la gestion de ses \u00e9motions &#8230;<\/li>\n<\/ul>\n\n\n\n<h2 class=\"wp-block-heading has-black-color has-text-color has-link-color wp-elements-6863fa78f1e2199d668e76000efa2ee6\" style=\"font-size:25px\"><span style=\"text-decoration: underline;\">Les Ateliers en groupe : <\/span><\/h2>\n\n\n\n<ul class=\"wp-block-list\">\n<li class=\"has-black-color has-text-color has-link-color wp-elements-7d2168387ddd1785f4d13d2bef84debf\">interaction avec autrui ;<\/li>\n\n\n\n<li class=\"has-black-color has-text-color has-link-color wp-elements-15c216cc652025d5948a49d72fdb03e0\">d\u00e9veloppement de la communication ;<\/li>\n\n\n\n<li class=\"has-black-color has-text-color has-link-color wp-elements-e33443c0d628c3baf4069b14994e9a71\">d\u00e9couvertes de nouvelle aventure&#8230;<\/li>\n<\/ul>\n\n\n\n<p class=\"has-black-color has-text-color has-link-color wp-elements-ef57642190728ccac77cb090283125f2\">Chaque format permet de d\u00e9velopper des comp\u00e9tences diff\u00e9rentes tout en respectant le rythme et la personnalit\u00e9 de chaque participant.<\/p>\n\n\n\n<h2 class=\"wp-block-heading has-black-color has-text-color has-link-color wp-elements-1028c2a4b6cd957beab7ca84f749b070\" style=\"font-size:25px\"><span style=\"text-decoration: underline;\">Pourquoi choisir Les Princes et Princesses ?<\/span><\/h2>\n\n\n\n<p class=\"has-black-color has-text-color has-link-color wp-elements-b3c1641416eff2c9dde61bc6a485d7e4\">\u2714 accompagnement individualis\u00e9<br>\u2714 exp\u00e9rience dans l\u2019accompagnement du handicap<br>\u2714 accompagnement qui pr\u00f4ne le 1 pour 1<\/p>\n\n\n\n<div class=\"wp-block-buttons is-content-justification-center is-layout-flex wp-container-core-buttons-is-layout-16018d1d wp-block-buttons-is-layout-flex\">\n<div class=\"wp-block-button\"><a class=\"wp-block-button__link has-white-color has-light-green-cyan-background-color has-text-color has-background has-link-color wp-element-button\" href=\"https:\/\/princes-et-princesses.fr\/index.php\/les-ateliers-individuels\/\">Accompagnents individuel<\/a><\/div>\n\n\n\n<div class=\"wp-block-button\"><a class=\"wp-block-button__link has-white-color has-light-green-cyan-background-color has-text-color has-background has-link-color wp-element-button\" href=\"https:\/\/princes-et-princesses.fr\/index.php\/les-ateliers-groupe\/\">Accompagnements en groupe<\/a><\/div>\n<\/div>\n\n\n\n<figure class=\"wp-block-gallery has-nested-images columns-default is-cropped wp-block-gallery-1 is-layout-flex wp-block-gallery-is-layout-flex\">\n<figure class=\"wp-block-image size-large has-custom-border\"><img loading=\"lazy\" decoding=\"async\" width=\"775\" height=\"1024\" data-id=\"2183\" src=\"https:\/\/princes-et-princesses.fr\/wp-content\/uploads\/2026\/04\/IMG_0127-1-775x1024.jpg\" alt=\"ateliers en groupe Les Princes et Princesses\" class=\"wp-image-2183\" style=\"border-top-left-radius:100px;border-top-right-radius:100px;border-bottom-left-radius:100px;border-bottom-right-radius:100px\" srcset=\"https:\/\/princes-et-princesses.fr\/wp-content\/uploads\/2026\/04\/IMG_0127-1-775x1024.jpg 775w, https:\/\/princes-et-princesses.fr\/wp-content\/uploads\/2026\/04\/IMG_0127-1-227x300.jpg 227w, https:\/\/princes-et-princesses.fr\/wp-content\/uploads\/2026\/04\/IMG_0127-1-768x1014.jpg 768w, https:\/\/princes-et-princesses.fr\/wp-content\/uploads\/2026\/04\/IMG_0127-1-1163x1536.jpg 1163w, https:\/\/princes-et-princesses.fr\/wp-content\/uploads\/2026\/04\/IMG_0127-1.jpg 1179w\" sizes=\"auto, (max-width: 775px) 100vw, 775px\" \/><\/figure>\n\n\n\n<figure class=\"wp-block-image size-large has-custom-border\"><img loading=\"lazy\" decoding=\"async\" width=\"1024\" height=\"565\" data-id=\"1791\" src=\"https:\/\/princes-et-princesses.fr\/wp-content\/uploads\/2026\/03\/99F3027A-188A-45BA-9C98-0F997F3A029F_1_201_a-1024x565.jpeg\" alt=\"Ateliers \u00e9ducatifs\" class=\"wp-image-1791\" style=\"border-top-left-radius:100px;border-top-right-radius:100px;border-bottom-left-radius:100px;border-bottom-right-radius:100px\" srcset=\"https:\/\/princes-et-princesses.fr\/wp-content\/uploads\/2026\/03\/99F3027A-188A-45BA-9C98-0F997F3A029F_1_201_a-1024x565.jpeg 1024w, https:\/\/princes-et-princesses.fr\/wp-content\/uploads\/2026\/03\/99F3027A-188A-45BA-9C98-0F997F3A029F_1_201_a-300x166.jpeg 300w, https:\/\/princes-et-princesses.fr\/wp-content\/uploads\/2026\/03\/99F3027A-188A-45BA-9C98-0F997F3A029F_1_201_a-768x424.jpeg 768w, https:\/\/princes-et-princesses.fr\/wp-content\/uploads\/2026\/03\/99F3027A-188A-45BA-9C98-0F997F3A029F_1_201_a.jpeg 1179w\" sizes=\"auto, (max-width: 1024px) 100vw, 1024px\" \/><\/figure>\n\n\n\n<figure class=\"wp-block-image size-large has-custom-border\"><img loading=\"lazy\" decoding=\"async\" width=\"769\" height=\"1021\" data-id=\"1769\" src=\"https:\/\/princes-et-princesses.fr\/wp-content\/uploads\/2026\/03\/1E32A7FB-932B-4805-BC93-DB24056CAFDF_1_105_c.jpeg\" alt=\"ateliers\" class=\"wp-image-1769\" style=\"border-top-left-radius:100px;border-top-right-radius:100px;border-bottom-left-radius:100px;border-bottom-right-radius:100px\" srcset=\"https:\/\/princes-et-princesses.fr\/wp-content\/uploads\/2026\/03\/1E32A7FB-932B-4805-BC93-DB24056CAFDF_1_105_c.jpeg 769w, https:\/\/princes-et-princesses.fr\/wp-content\/uploads\/2026\/03\/1E32A7FB-932B-4805-BC93-DB24056CAFDF_1_105_c-226x300.jpeg 226w\" sizes=\"auto, (max-width: 769px) 100vw, 769px\" \/><\/figure>\n<\/figure>\n\n\n\n<p><\/p>\n","protected":false},"excerpt":{"rendered":"<p>\ud83c\udf1fLes diff\u00e9rents formats Chez Les Princes et Princesses, nous proposons deux formats d\u2019accompagnement afin de r\u00e9pondre au mieux aux besoins de chacun : Les Ateliers individuels : Les Ateliers en &hellip; <\/p>\n","protected":false},"author":1,"featured_media":0,"parent":0,"menu_order":0,"comment_status":"closed","ping_status":"closed","template":"","meta":{"footnotes":""},"class_list":["post-2395","page","type-page","status-publish","hentry"],"_links":{"self":[{"href":"https:\/\/princes-et-princesses.fr\/index.php\/wp-json\/wp\/v2\/pages\/2395","targetHints":{"allow":["GET"]}}],"collection":[{"href":"https:\/\/princes-et-princesses.fr\/index.php\/wp-json\/wp\/v2\/pages"}],"about":[{"href":"https:\/\/princes-et-princesses.fr\/index.php\/wp-json\/wp\/v2\/types\/page"}],"author":[{"embeddable":true,"href":"https:\/\/princes-et-princesses.fr\/index.php\/wp-json\/wp\/v2\/users\/1"}],"replies":[{"embeddable":true,"href":"https:\/\/princes-et-princesses.fr\/index.php\/wp-json\/wp\/v2\/comments?post=2395"}],"version-history":[{"count":13,"href":"https:\/\/princes-et-princesses.fr\/index.php\/wp-json\/wp\/v2\/pages\/2395\/revisions"}],"predecessor-version":[{"id":2417,"href":"https:\/\/princes-et-princesses.fr\/index.php\/wp-json\/wp\/v2\/pages\/2395\/revisions\/2417"}],"wp:attachment":[{"href":"https:\/\/princes-et-princesses.fr\/index.php\/wp-json\/wp\/v2\/media?parent=2395"}],"curies":[{"name":"wp","href":"https:\/\/api.w.org\/{rel}","templated":true}]}}